{"id":19169,"date":"2023-01-16T21:06:10","date_gmt":"2023-01-16T21:06:10","guid":{"rendered":"https:\/\/eurodirections.com\/kalendar-levnych-letu-%e2%9c%88\/"},"modified":"2023-03-01T08:43:16","modified_gmt":"2023-03-01T08:43:16","slug":"kalendar-levne-letenky","status":"publish","type":"page","link":"https:\/\/eurodirections.com\/cs\/kalendar-levne-letenky\/","title":{"rendered":"Kalend\u00e1\u0159 levn\u00fdch letenek \u2708"},"content":{"rendered":"<div id=\"ez-toc-container\" class=\"ez-toc-v2_0_82_2 counter-hierarchy ez-toc-counter ez-toc-grey ez-toc-container-direction\">\n<div class=\"ez-toc-title-container\">\n<p class=\"ez-toc-title\" style=\"cursor:inherit\">Table of Contents<\/p>\n<span class=\"ez-toc-title-toggle\"><a href=\"#\" class=\"ez-toc-pull-right ez-toc-btn ez-toc-btn-xs ez-toc-btn-default ez-toc-toggle\" aria-label=\"Toggle Table of Content\"><span class=\"ez-toc-js-icon-con\"><span class=\"\"><span class=\"eztoc-hide\" style=\"display:none;\">Toggle<\/span><span class=\"ez-toc-icon-toggle-span\"><svg style=\"fill: #999;color:#999\" xmlns=\"http:\/\/www.w3.org\/2000\/svg\" class=\"list-377408\" width=\"20px\" height=\"20px\" viewBox=\"0 0 24 24\" fill=\"none\"><path d=\"M6 6H4v2h2V6zm14 0H8v2h12V6zM4 11h2v2H4v-2zm16 0H8v2h12v-2zM4 16h2v2H4v-2zm16 0H8v2h12v-2z\" fill=\"currentColor\"><\/path><\/svg><svg style=\"fill: #999;color:#999\" class=\"arrow-unsorted-368013\" xmlns=\"http:\/\/www.w3.org\/2000\/svg\" width=\"10px\" height=\"10px\" viewBox=\"0 0 24 24\" version=\"1.2\" baseProfile=\"tiny\"><path d=\"M18.2 9.3l-6.2-6.3-6.2 6.3c-.2.2-.3.4-.3.7s.1.5.3.7c.2.2.4.3.7.3h11c.3 0 .5-.1.7-.3.2-.2.3-.5.3-.7s-.1-.5-.3-.7zM5.8 14.7l6.2 6.3 6.2-6.3c.2-.2.3-.5.3-.7s-.1-.5-.3-.7c-.2-.2-.4-.3-.7-.3h-11c-.3 0-.5.1-.7.3-.2.2-.3.5-.3.7s.1.5.3.7z\"\/><\/svg><\/span><\/span><\/span><\/a><\/span><\/div>\n<nav><ul class='ez-toc-list ez-toc-list-level-1 eztoc-toggle-hide-by-default' ><li class='ez-toc-page-1 ez-toc-heading-level-2'><a class=\"ez-toc-link ez-toc-heading-1\" href=\"https:\/\/eurodirections.com\/cs\/kalendar-levne-letenky\/#Kalendar-levnych-letenek\" >Kalend\u00e1\u0159 levn\u00fdch letenek<\/a><ul class='ez-toc-list-level-3' ><li class='ez-toc-heading-level-3'><a class=\"ez-toc-link ez-toc-heading-2\" href=\"https:\/\/eurodirections.com\/cs\/kalendar-levne-letenky\/#%F0%9F%93%85-Jak-pouzivat-kalendar-levnych-letu\" >\ud83d\udcc5 Jak pou\u017e\u00edvat kalend\u00e1\u0159 levn\u00fdch let\u016f?<\/a><\/li><li class='ez-toc-page-1 ez-toc-heading-level-3'><a class=\"ez-toc-link ez-toc-heading-3\" href=\"https:\/\/eurodirections.com\/cs\/kalendar-levne-letenky\/#%F0%9F%A7%B3-Vyhody-pouzivani-levneho-letoveho-kalendare\" >\ud83e\uddf3 V\u00fdhody pou\u017e\u00edv\u00e1n\u00ed levn\u00e9ho letov\u00e9ho kalend\u00e1\u0159e<\/a><\/li><\/ul><\/li><li class='ez-toc-page-1 ez-toc-heading-level-2'><a class=\"ez-toc-link ez-toc-heading-4\" href=\"https:\/\/eurodirections.com\/cs\/kalendar-levne-letenky\/#Priklad-pouziti-levneho-letoveho-kalendare\" >P\u0159\u00edklad pou\u017eit\u00ed levn\u00e9ho letov\u00e9ho kalend\u00e1\u0159e<\/a><\/li><\/ul><\/nav><\/div>\n<p>N\u00e1\u0161 Kalend\u00e1\u0159 levn\u00fdch letenek je v\u00fdkonn\u00fd n\u00e1stroj pro pl\u00e1nov\u00e1n\u00ed cest, kter\u00fd u\u017eivatel\u016fm pom\u00e1h\u00e1 porovn\u00e1vat a vyb\u00edrat nejlep\u0161\u00ed term\u00edn letu do konkr\u00e9tn\u00ed destinace z jak\u00e9hokoli m\u00edsta na sv\u011bt\u011b.<br \/>\nKalend\u00e1\u0159 umo\u017e\u0148uje u\u017eivatel\u016fm snadno vyhled\u00e1vat a porovn\u00e1vat lety v\u0161ech leteck\u00fdch spole\u010dnost\u00ed, cestovn\u00edch kancel\u00e1\u0159\u00ed a rezerva\u010dn\u00edch syst\u00e9m\u016f a ur\u010dit nejv\u00fdhodn\u011bj\u0161\u00ed term\u00edny pro jejich cestu.<\/p>\n<h2><span class=\"ez-toc-section\" id=\"Kalendar-levnych-letenek\"><\/span>Kalend\u00e1\u0159 levn\u00fdch letenek<span class=\"ez-toc-section-end\"><\/span><\/h2>\n<p><script src=\"\/\/tp.media\/content?currency=eur&amp;promo_id=4041&amp;shmarker=14350&amp;campaign_id=100&amp;trs=147545&amp;searchUrl=air.eurodirections.com%2Fflights&amp;locale=cs&amp;powered_by=false&amp;one_way=true&amp;only_direct=false&amp;period=year&amp;range=1%2C30&amp;primary=%23172940&amp;color_background=%23FFFFFF&amp;achieve=%230F5ABD&amp;dark=%23000000&amp;light=%23FFFFFF&amp;destination=LON\" charset=\"utf-8\"><\/script><\/p>\n<h3><span class=\"ez-toc-section\" id=\"%F0%9F%93%85-Jak-pouzivat-kalendar-levnych-letu\"><\/span>\ud83d\udcc5 Jak pou\u017e\u00edvat kalend\u00e1\u0159 levn\u00fdch let\u016f?<span class=\"ez-toc-section-end\"><\/span><\/h3>\n<ol>\n<li>Vyberte svou polohu z lev\u00e9 horn\u00ed \u010d\u00e1sti kalend\u00e1\u0159e<\/li>\n<li>Pod\u00edvejte se na nejlevn\u011bj\u0161\u00ed cenu letu z va\u0161eho m\u00edsta na ka\u017ed\u00fd m\u011bs\u00edc<\/li>\n<li>Kliknut\u00edm na libovoln\u00e9 m\u011bs\u00ed\u010dn\u00ed okno zobraz\u00edte p\u0159esn\u00e9 datum nejv\u00fdhodn\u011bj\u0161\u00edho letu.<\/li>\n<li>Kliknut\u00edm na datumov\u00e9 okno zobraz\u00edte podrobnosti o letu<\/li>\n<li>Kliknut\u00edm na tla\u010d\u00edtko s podrobnostmi o letu si m\u016f\u017eete prohl\u00e9dnout \u00fapln\u00e9 podm\u00ednky letu nebo rezervovat letenku.<\/li>\n<li>Pomoc\u00ed nastaven\u00ed v lev\u00e9 horn\u00ed \u010d\u00e1sti kalend\u00e1\u0159e m\u016f\u017eete zm\u011bnit typ letu (jednosm\u011brn\u00fd nebo obousm\u011brn\u00fd)<\/li>\n<\/ol>\n<p>D\u00edky kalend\u00e1\u0159i levn\u00fdch letenek mohou u\u017eivatel\u00e9 snadno porovn\u00e1vat ceny letenek a pl\u00e1novat a organizovat sv\u00e9 cesty kamkoli na sv\u011bt\u011b.<br \/>\nA\u0165 u\u017e pl\u00e1nujete slu\u017eebn\u00ed cestu nebo dovolenou na pl\u00e1\u017ei, n\u00e1\u0161 kalend\u00e1\u0159 let\u016f je dokonal\u00fdm n\u00e1strojem, kter\u00fd v\u00e1m pom\u016f\u017ee naj\u00edt nejv\u00fdhodn\u011bj\u0161\u00ed letenku.<\/p>\n<h3><span class=\"ez-toc-section\" id=\"%F0%9F%A7%B3-Vyhody-pouzivani-levneho-letoveho-kalendare\"><\/span>\ud83e\uddf3 V\u00fdhody pou\u017e\u00edv\u00e1n\u00ed levn\u00e9ho letov\u00e9ho kalend\u00e1\u0159e<span class=\"ez-toc-section-end\"><\/span><\/h3>\n<ul>\n<li>Porovnejte ceny: Kalend\u00e1\u0159 let\u016f umo\u017e\u0148uje u\u017eivatel\u016fm snadno porovn\u00e1vat ceny r\u016fzn\u00fdch leteck\u00fdch spole\u010dnost\u00ed, cestovn\u00edch kancel\u00e1\u0159\u00ed a rezerva\u010dn\u00edch syst\u00e9m\u016f a pom\u00e1h\u00e1 jim naj\u00edt nejv\u00fdhodn\u011bj\u0161\u00ed letenku.<\/li>\n<li>Najd\u011bte nejlep\u0161\u00ed term\u00edny: Kalend\u00e1\u0159 umo\u017e\u0148uje u\u017eivatel\u016fm vyhled\u00e1vat lety v r\u016fzn\u00fdch term\u00ednech a pom\u00e1h\u00e1 jim ur\u010dit nejv\u00fdhodn\u011bj\u0161\u00ed term\u00edny pro jejich cestu.<\/li>\n<li>Pohodln\u00e9: Kalend\u00e1\u0159 se snadno pou\u017e\u00edv\u00e1 a umo\u017e\u0148uje u\u017eivatel\u016fm pl\u00e1novat a organizovat cestu na jednom m\u00edst\u011b.<\/li>\n<li>U\u0161et\u0159ete \u010das: Kalend\u00e1\u0159 eliminuje pot\u0159ebu u\u017eivatel\u016f vyhled\u00e1vat na v\u00edce webov\u00fdch str\u00e1nk\u00e1ch nejv\u00fdhodn\u011bj\u0161\u00ed letenky, \u010d\u00edm\u017e \u0161et\u0159\u00ed jejich \u010das a \u00fasil\u00ed.<\/li>\n<li>Z\u00edskejte nejlep\u0161\u00ed nab\u00eddku: Kalend\u00e1\u0159 pom\u00e1h\u00e1 u\u017eivatel\u016fm naj\u00edt nejlevn\u011bj\u0161\u00ed let a z\u00edskat nejlep\u0161\u00ed nab\u00eddku za sv\u00e9 pen\u00edze.<\/li>\n<li>Nen\u00ed t\u0159eba prov\u00e1d\u011bt v\u00edcen\u00e1sobn\u00e9 vyhled\u00e1v\u00e1n\u00ed: Kalend\u00e1\u0159 zobrazuje ceny pro v\u0161echny leteck\u00e9 spole\u010dnosti a v\u0161echna data v m\u011bs\u00edci na jednom m\u00edst\u011b, nen\u00ed t\u0159eba hledat na v\u00edce webov\u00fdch str\u00e1nk\u00e1ch.<\/li>\n<li>Najd\u011bte nejlep\u0161\u00ed letov\u00fd \u0159\u00e1d: Kalend\u00e1\u0159 zobrazuje letov\u00e9 \u0159\u00e1dy, tak\u017ee si m\u016f\u017eete vybrat ten, kter\u00fd nejl\u00e9pe vyhovuje va\u0161im pot\u0159eb\u00e1m.<\/li>\n<\/ul>\n<h2><span class=\"ez-toc-section\" id=\"Priklad-pouziti-levneho-letoveho-kalendare\"><\/span>P\u0159\u00edklad pou\u017eit\u00ed levn\u00e9ho letov\u00e9ho kalend\u00e1\u0159e<span class=\"ez-toc-section-end\"><\/span><\/h2>\n<p>Pou\u017eit\u00ed kalend\u00e1\u0159e levn\u00fdch let\u016f je snadn\u00e9.<br \/>\n\u0158ekn\u011bme, \u017ee pl\u00e1nujete cestu z New Yorku do Lond\u00fdna.<br \/>\nZde je p\u0159\u00edklad, jak m\u016f\u017eete kalend\u00e1\u0159 pou\u017e\u00edt k nalezen\u00ed nejv\u00fdhodn\u011bj\u0161\u00ed letenky:<\/p>\n<figure id=\"attachment_10403\" aria-describedby=\"caption-attachment-10403\" style=\"width: 846px\" class=\"wp-caption alignnone\"><a href=\"https:\/\/eurodirections.com\/calendar\/cheap-flight-calendar-settings-screenshot\/\" rel=\"attachment wp-att-10403\"><img fetchpriority=\"high\" decoding=\"async\" class=\"size-full wp-image-10403\" src=\"https:\/\/eurodirections.com\/wp-content\/uploads\/2023\/01\/cheap-flight-calendar-settings-screenshot.jpg\" alt=\"Pou\u017eit\u00ed kalend\u00e1\u0159e levn\u00fdch let\u016f v eurodirections.com\" width=\"846\" height=\"797\" srcset=\"https:\/\/eurodirections.com\/wp-content\/uploads\/2023\/01\/cheap-flight-calendar-settings-screenshot.jpg 846w, https:\/\/eurodirections.com\/wp-content\/uploads\/2023\/01\/cheap-flight-calendar-settings-screenshot-300x283.jpg 300w, https:\/\/eurodirections.com\/wp-content\/uploads\/2023\/01\/cheap-flight-calendar-settings-screenshot-768x724.jpg 768w\" sizes=\"(max-width: 846px) 100vw, 846px\" \/><\/a><figcaption id=\"caption-attachment-10403\" class=\"wp-caption-text\">Sn\u00edmek obrazovky. Pou\u017eit\u00ed kalend\u00e1\u0159e levn\u00fdch let\u016f a nastaven\u00ed parametr\u016f letu na eurodirections.com<\/figcaption><\/figure>\n<ol>\n<li>Nav\u0161tivte str\u00e1nky eurodirections.com a vyberte mo\u017enost &#8222;Letov\u00fd kalend\u00e1\u0159&#8220;.<\/li>\n<li>Klikn\u011bte na ikonu Nastaven\u00ed a do pole &#8222;Od&#8220; zadejte &#8222;New York City&#8220; a do pole &#8222;Do&#8220; zadejte &#8222;Lond\u00fdn&#8220;.<\/li>\n<li>Vyberte po\u017eadovanou mo\u017enost cesty: jednosm\u011brnou nebo obousm\u011brnou.<\/li>\n<li>P\u0159i v\u00fdb\u011bru mo\u017enosti &#8222;Obousm\u011brn\u00e1&#8220; budete vyzv\u00e1ni k nastaven\u00ed doby trv\u00e1n\u00ed cesty.<\/li>\n<li>Kliknut\u00edm na pol\u00ed\u010dko &#8222;P\u0159\u00edm\u00e9 lety&#8220; m\u016f\u017eete v kalend\u00e1\u0159i zobrazit pouze ceny p\u0159\u00edm\u00fdch let\u016f.<\/li>\n<li>V kalend\u00e1\u0159i se zobraz\u00ed v\u0161echny dostupn\u00e9 lety z New Yorku do Lond\u00fdna v oknech m\u011bs\u00edce. Nejlevn\u011bj\u0161\u00ed m\u011bs\u00edc bude zv\u00fdrazn\u011bn.<\/li>\n<li>Sta\u010d\u00ed kliknout na m\u011bs\u00edc a zobraz\u00ed se data v m\u011bs\u00edci a p\u0159esn\u00e9 datum nejlevn\u011bj\u0161\u00edho letu.<\/li>\n<li>Po kliknut\u00ed na datum se otev\u0159e str\u00e1nka s v\u00fdsledky vyhled\u00e1v\u00e1n\u00ed a \u00fapln\u00fdmi informacemi o letu.<\/li>\n<li>Lety m\u016f\u017eete t\u0159\u00eddit podle ceny, letov\u00e9ho \u0159\u00e1du a leteck\u00fdch spole\u010dnost\u00ed.<\/li>\n<li>Porovnejte ceny r\u016fzn\u00fdch let\u016f a vyberte si ten, kter\u00fd nejl\u00e9pe vyhovuje va\u0161emu rozpo\u010dtu a \u010dasov\u00e9mu pl\u00e1nu.<\/li>\n<li>Jakmile najdete nejv\u00fdhodn\u011bj\u0161\u00ed nab\u00eddku, m\u016f\u017eete si let rezervovat v rezerva\u010dn\u00edm syst\u00e9mu, kter\u00fd letenku poskytuje.<\/li>\n<\/ol>\n<p>Zde si m\u016f\u017eete prohl\u00e9dnout kalend\u00e1\u0159 levn\u00fdch let\u016f s nejlep\u0161\u00edmi cenami pro n\u00e1sleduj\u00edc\u00ed leteck\u00e9 trasy: zde najdete <a href=\"https:\/\/eurodirections.com\/berlin-tirana-flights-timetable\/\">lety Berl\u00edn-Tirana<\/a>, <a href=\"https:\/\/eurodirections.com\/fly-to-porto-portugal\/\">lety do Porta<\/a>, <a href=\"https:\/\/eurodirections.com\/paris-bangalore\/\">lety Pa\u0159\u00ed\u017e-Bangal\u00faru<\/a> a mnoho dal\u0161\u00edch <a href=\"https:\/\/eurodirections.com\/cs\/in\/lety\/\">leteck\u00fdch sm\u011br\u016f<\/a>.<\/p>\n<p>N\u00e1\u0161 kalend\u00e1\u0159 je neust\u00e1le aktualizov\u00e1n o nejnov\u011bj\u0161\u00ed ceny a letov\u00e9 \u0159\u00e1dy, tak\u017ee m\u00e1te jistotu, \u017ee z\u00edsk\u00e1te nejaktu\u00e1ln\u011bj\u0161\u00ed informace.<br \/>\nDouf\u00e1me, \u017ee n\u00e1\u0161 kalend\u00e1\u0159 levn\u00fdch let\u016f vyu\u017eijete efektivn\u011b a najdete si ide\u00e1ln\u00ed let pro svou cestu do jak\u00e9koli destinace. \u0160\u0165astn\u00e9 cesty!<\/p>\n","protected":false},"excerpt":{"rendered":"<p>N\u00e1\u0161 Kalend\u00e1\u0159 levn\u00fdch letenek je v\u00fdkonn\u00fd n\u00e1stroj pro pl\u00e1nov\u00e1n\u00ed cest, kter\u00fd u\u017eivatel\u016fm pom\u00e1h\u00e1 porovn\u00e1vat a vyb\u00edrat nejlep\u0161\u00ed term\u00edn letu do konkr\u00e9tn\u00ed destinace z jak\u00e9hokoli m\u00edsta na sv\u011bt\u011b. Kalend\u00e1\u0159 umo\u017e\u0148uje u\u017eivatel\u016fm snadno vyhled\u00e1vat a porovn\u00e1vat lety v\u0161ech leteck\u00fdch spole\u010dnost\u00ed, cestovn\u00edch kancel\u00e1\u0159\u00ed a rezerva\u010dn\u00edch syst\u00e9m\u016f a ur\u010dit nejv\u00fdhodn\u011bj\u0161\u00ed term\u00edny pro jejich cestu. Kalend\u00e1\u0159 levn\u00fdch letenek \ud83d\udcc5 Jak [&hellip;]<\/p>\n","protected":false},"author":1,"featured_media":29092,"parent":0,"menu_order":0,"comment_status":"closed","ping_status":"closed","template":"","meta":{"footnotes":""},"class_list":["post-19169","page","type-page","status-publish","has-post-thumbnail","hentry"],"_links":{"self":[{"href":"https:\/\/eurodirections.com\/cs\/wp-json\/wp\/v2\/pages\/19169","targetHints":{"allow":["GET"]}}],"collection":[{"href":"https:\/\/eurodirections.com\/cs\/wp-json\/wp\/v2\/pages"}],"about":[{"href":"https:\/\/eurodirections.com\/cs\/wp-json\/wp\/v2\/types\/page"}],"author":[{"embeddable":true,"href":"https:\/\/eurodirections.com\/cs\/wp-json\/wp\/v2\/users\/1"}],"replies":[{"embeddable":true,"href":"https:\/\/eurodirections.com\/cs\/wp-json\/wp\/v2\/comments?post=19169"}],"version-history":[{"count":0,"href":"https:\/\/eurodirections.com\/cs\/wp-json\/wp\/v2\/pages\/19169\/revisions"}],"wp:featuredmedia":[{"embeddable":true,"href":"https:\/\/eurodirections.com\/cs\/wp-json\/wp\/v2\/media\/29092"}],"wp:attachment":[{"href":"https:\/\/eurodirections.com\/cs\/wp-json\/wp\/v2\/media?parent=19169"}],"curies":[{"name":"wp","href":"https:\/\/api.w.org\/{rel}","templated":true}]}}