{"id":19167,"date":"2022-04-03T18:31:04","date_gmt":"2022-04-03T18:31:04","guid":{"rendered":"https:\/\/eurodirections.com\/nejlepsi-mesta-evropy\/"},"modified":"2022-04-03T18:31:04","modified_gmt":"2022-04-03T18:31:04","slug":"nejlepsi-mesta-evropy","status":"publish","type":"page","link":"https:\/\/eurodirections.com\/cs\/nejlepsi-mesta-evropy\/","title":{"rendered":"Nejlep\u0161\u00ed m\u011bsta Evropy"},"content":{"rendered":"<p><strong>Prozkoumejte nejlep\u0161\u00ed evropsk\u00e1 m\u011bsta<\/strong> vybran\u00e1 na\u0161imi redaktory pro \u00fa\u017easn\u00e9 z\u00e1\u017eitky z cestov\u00e1n\u00ed.<br \/>\nN\u00e1\u0161 seznam nejlep\u0161\u00edch evropsk\u00fdch m\u011bst obsahuje 100 destinac\u00ed s kr\u00e1tk\u00fdm seznamem informac\u00ed a pr\u016fvodc\u016f pro cestovatele, informace o vyhled\u00e1v\u00e1n\u00ed vstupenek, n\u00e1vrhy hotel\u016f, v\u00fdb\u011br kav\u00e1ren a restaurac\u00ed a dal\u0161\u00ed informace.<\/p>\n<h3>Pod\u00edvejte se na nejlep\u0161\u00ed m\u011bsta Evropy:<\/h3>\n<table>\n<tbody>\n<tr>\n<td><a href=\"https:\/\/eurodirections.com\/amsterdam\"><span style=\"font-weight: 400;\">Amsterdam, Nizozemsko<\/span><\/a><\/td>\n<\/tr>\n<tr>\n<td><a href=\"https:\/\/eurodirections.com\/brno\/\"><span style=\"font-weight: 400;\">Brno, \u010cesk\u00e1 republika<\/span><\/a><\/td>\n<\/tr>\n<tr>\n<td><a href=\"https:\/\/eurodirections.com\/gyumri\/\"><span style=\"font-weight: 400;\">Gyumri, Arm\u00e9nie<\/span><\/a><\/td>\n<\/tr>\n<tr>\n<td><a href=\"https:\/\/eurodirections.com\/lyon\/\"><span style=\"font-weight: 400;\">Lyon, Francie<\/span><\/a><\/td>\n<\/tr>\n<tr>\n<td><a href=\"https:\/\/eurodirections.com\/yerevan\/\"><span style=\"font-weight: 400;\">Jerevan, Arm\u00e9nie<\/span><\/a><\/td>\n<\/tr>\n<tr>\n<td><a href=\"https:\/\/eurodirections.com\/kavala\/\"><span style=\"font-weight: 400;\">Kavala, \u0158ecko<\/span><\/a><\/td>\n<\/tr>\n<tr>\n<td><a href=\"https:\/\/eurodirections.com\/riga\/\"><span style=\"font-weight: 400;\">Riga, Loty\u0161sko<\/span><\/a><\/td>\n<\/tr>\n<tr>\n<td><a href=\"https:\/\/eurodirections.com\/valencia\/\"><span style=\"font-weight: 400;\">Valencie, \u0160pan\u011blsko<\/span><\/a><\/td>\n<\/tr>\n<tr>\n<td><a href=\"https:\/\/eurodirections.com\/best-destinations-for-getting-lost-in-the-nature\/#Innsbruck-Austria\"><span style=\"font-weight: 400;\">Innsbruck, Rakousko<\/span><\/a><\/td>\n<\/tr>\n<tr>\n<td><a href=\"https:\/\/eurodirections.com\/toulouse\/\"><span style=\"font-weight: 400;\">Toulouse, Francie<\/span><\/a><\/td>\n<\/tr>\n<tr>\n<td><a href=\"https:\/\/eurodirections.com\/patras\/\"><span style=\"font-weight: 400;\">Patras, \u0158ecko<\/span><\/a><\/td>\n<\/tr>\n<tr>\n<td><a href=\"https:\/\/eurodirections.com\/thessaloniki\/\"><span style=\"font-weight: 400;\">Solu\u0148, \u0158ecko<\/span><\/a><\/td>\n<\/tr>\n<tr>\n<td><a href=\"https:\/\/eurodirections.com\/rome\/\"><span style=\"font-weight: 400;\">\u0158\u00edm, It\u00e1lie<\/span><\/a><\/td>\n<\/tr>\n<tr>\n<td><a href=\"https:\/\/eurodirections.com\/brussels-bucket-list\/\"><span style=\"font-weight: 400;\">Brusel, Belgie<\/span><\/a><\/td>\n<\/tr>\n<tr>\n<td><a href=\"https:\/\/eurodirections.com\/explore-tallinn\"><span style=\"font-weight: 400;\">Tallinn, Estonsko<\/span><\/a><\/td>\n<\/tr>\n<tr>\n<td><a href=\"https:\/\/eurodirections.com\/nicosia\/\"><span style=\"font-weight: 400;\">Nik\u00f3sie, Kypr<\/span><\/a><\/td>\n<\/tr>\n<tr>\n<td><a href=\"https:\/\/eurodirections.com\/best-destinations-for-getting-lost-in-the-nature\/#Pamplona-Spain\"><span style=\"font-weight: 400;\">Pamplona, \u0160pan\u011blsko<\/span><\/a><\/td>\n<\/tr>\n<tr>\n<td><a href=\"https:\/\/eurodirections.com\/constanta-bucket-list\/\"><span style=\"font-weight: 400;\">Constan\u021ba, Rumunsko<\/span><\/a><\/td>\n<\/tr>\n<tr>\n<td><a href=\"https:\/\/eurodirections.com\/cluj-napoca-bucket-list\/\"><span style=\"font-weight: 400;\">Cluj Napoca, Rumunsko<\/span><\/a><\/td>\n<\/tr>\n<tr>\n<td><a href=\"https:\/\/eurodirections.com\/batumi\/\"><span style=\"font-weight: 400;\">Batumi, Gruzie<\/span><\/a><\/td>\n<\/tr>\n<tr>\n<td><a href=\"https:\/\/eurodirections.com\/tirana\/\"><span style=\"font-weight: 400;\">Tirana, Alb\u00e1nie<\/span><\/a><\/td>\n<\/tr>\n<tr>\n<td><a href=\"https:\/\/eurodirections.com\/rhodes\/\"><span style=\"font-weight: 400;\">Rhodos, \u0158ecko<\/span><\/a><\/td>\n<\/tr>\n<\/tbody>\n<\/table>\n<table>\n<tbody>\n<tr>\n<td><a href=\"https:\/\/eurodirections.com\/florence-bucket-list\/\"><span style=\"font-weight: 400;\">Florencie, It\u00e1lie<\/span><\/a><\/td>\n<\/tr>\n<tr>\n<td><a href=\"https:\/\/eurodirections.com\/graz\/\"><span style=\"font-weight: 400;\">Graz, Rakousko<\/span><\/a><\/td>\n<\/tr>\n<tr>\n<td><a href=\"https:\/\/eurodirections.com\/heraklion\/\"><span style=\"font-weight: 400;\">Heraklion, \u0158ecko<\/span><\/a><\/td>\n<\/tr>\n<tr>\n<td><a href=\"https:\/\/eurodirections.com\/visit-durres-albania\/\"><span style=\"font-weight: 400;\">Durr\u00ebs, Alb\u00e1nie<\/span><\/a><\/td>\n<\/tr>\n<tr>\n<td><a href=\"https:\/\/eurodirections.com\/luxembourg\/\"><span style=\"font-weight: 400;\">Lucembursko<\/span><\/a><\/td>\n<\/tr>\n<tr>\n<td><a href=\"https:\/\/eurodirections.com\/liechtenstein\/\"><span style=\"font-weight: 400;\">Lichten\u0161tejnsko<\/span><\/a><\/td>\n<\/tr>\n<tr>\n<td><a href=\"https:\/\/eurodirections.com\/malaga\/\"><span style=\"font-weight: 400;\">Malaga, \u0160pan\u011blsko<\/span><\/a><\/td>\n<\/tr>\n<tr>\n<td><a href=\"https:\/\/eurodirections.com\/madrid\/\"><span style=\"font-weight: 400;\">Madrid, \u0160pan\u011blsko<\/span><\/a><\/td>\n<\/tr>\n<tr>\n<td><a href=\"https:\/\/eurodirections.com\/marseille\/\"><span style=\"font-weight: 400;\">Marseille, Francie<\/span><\/a><\/td>\n<\/tr>\n<tr>\n<td><a href=\"https:\/\/eurodirections.com\/bergen-bucket-list\/\"><span style=\"font-weight: 400;\">Bergen, Norsko<\/span><\/a><\/td>\n<\/tr>\n<tr>\n<td><a href=\"https:\/\/eurodirections.com\/prague\/\"><span style=\"font-weight: 400;\">Praha, \u010cesko<\/span><\/a><\/td>\n<\/tr>\n<tr>\n<td><a href=\"https:\/\/eurodirections.com\/larissa\"><span style=\"font-weight: 400;\">Larissa, \u0158ecko<\/span><\/a><\/td>\n<\/tr>\n<tr>\n<td><a href=\"https:\/\/eurodirections.com\/milan\/\"><span style=\"font-weight: 400;\">Mil\u00e1n, It\u00e1lie<\/span><\/a><\/td>\n<\/tr>\n<tr>\n<td><a href=\"https:\/\/eurodirections.com\/vilnius\/\"><span style=\"font-weight: 400;\">Vilnius, Litva<\/span><\/a><\/td>\n<\/tr>\n<tr>\n<td><a href=\"https:\/\/eurodirections.com\/limassol\/\"><span style=\"font-weight: 400;\">Limassol, Kypr<\/span><\/a><\/td>\n<\/tr>\n<tr>\n<td><a href=\"https:\/\/eurodirections.com\/herceg-novi-bucket-list\/\"><span style=\"font-weight: 400;\">Herceg Novi, \u010cern\u00e1 Hora<\/span><\/a><\/td>\n<\/tr>\n<tr>\n<td><a href=\"https:\/\/eurodirections.com\/vienna\/\"><span style=\"font-weight: 400;\">V\u00edde\u0148, Rakousko<\/span><\/a><\/td>\n<\/tr>\n<tr>\n<td><a href=\"https:\/\/eurodirections.com\/london\"><span style=\"font-weight: 400;\">Lond\u00fdn, Anglie<\/span><\/a><\/td>\n<\/tr>\n<tr>\n<td><a href=\"https:\/\/eurodirections.com\/san-marino-bucket-list\/\"><span style=\"font-weight: 400;\">San Marino<\/span><\/a><\/td>\n<\/tr>\n<tr>\n<td><a href=\"https:\/\/eurodirections.com\/venice\"><span style=\"font-weight: 400;\">Ben\u00e1tky, It\u00e1lie<\/span><\/a><\/td>\n<\/tr>\n<tr>\n<td><a href=\"https:\/\/eurodirections.com\/dublin\"><span style=\"font-weight: 400;\">Dublin, Irsko<\/span><\/a><\/td>\n<\/tr>\n<tr>\n<td><a href=\"https:\/\/eurodirections.com\/warsaw-bucket-list\"><span style=\"font-weight: 400;\">Var\u0161ava, Polsko<\/span><\/a><\/td>\n<\/tr>\n<\/tbody>\n<\/table>\n<table>\n<tbody>\n<tr>\n<td><a href=\"https:\/\/eurodirections.com\/podgorica-sights-and-guide\/\">Podgorica, \u010cern\u00e1 Hora<\/a><\/td>\n<\/tr>\n<tr>\n<td><a href=\"https:\/\/eurodirections.com\/best-destinations-for-getting-lost-in-the-nature\/#Grenoble-France\">Grenoble, Francie<\/a><\/td>\n<\/tr>\n<tr>\n<td><a href=\"https:\/\/eurodirections.com\/budva\/\">Budva, \u010cern\u00e1 Hora<\/a><\/td>\n<\/tr>\n<tr>\n<td><a href=\"https:\/\/eurodirections.com\/dublin\">Lichten\u0161tejnsko<\/a><\/td>\n<\/tr>\n<tr>\n<td><a href=\"https:\/\/eurodirections.com\/lisbon\/\">Lisabon, Portugalsko<\/a><\/td>\n<\/tr>\n<tr>\n<td><a href=\"https:\/\/eurodirections.com\/athens\/\">At\u00e9ny, \u0158ecko<\/a><\/td>\n<\/tr>\n<tr>\n<td><a href=\"https:\/\/eurodirections.com\/barcelona\/\">Barcelona, \u0160pan\u011blsko<\/a><\/td>\n<\/tr>\n<tr>\n<td><a href=\"https:\/\/eurodirections.com\/nantes\/\">Nantes, Francie<\/a><\/td>\n<\/tr>\n<tr>\n<td><a href=\"https:\/\/eurodirections.com\/reykjavik\/\">Reykjav\u00edk, Island<\/a><\/td>\n<\/tr>\n<tr>\n<td><a href=\"https:\/\/eurodirections.com\/genoa\/\">Janov, It\u00e1lie<\/a><\/td>\n<\/tr>\n<tr>\n<td><a href=\"https:\/\/eurodirections.com\/larnaca\/\">Larnaka, Kypr<\/a><\/td>\n<\/tr>\n<tr>\n<td><a href=\"https:\/\/eurodirections.com\/malta\/\">Valetta, Malta<\/a><\/td>\n<\/tr>\n<tr>\n<td><a href=\"https:\/\/eurodirections.com\/antwerp-tourist-attractions\/\">Antverpy, Belgie<\/a><\/td>\n<\/tr>\n<tr>\n<td><a href=\"https:\/\/eurodirections.com\/best-destinations-for-getting-lost-in-the-nature\/#Dilijan-Armenia\">Dilijan, Arm\u00e9nie<\/a><\/td>\n<\/tr>\n<\/tbody>\n<\/table>\n<h3>Cestov\u00e1n\u00ed po evropsk\u00fdch m\u011bstech<\/h3>\n<p>Pomoc\u00ed na\u0161\u00ed slu\u017eby inteligentn\u00edho vyhled\u00e1v\u00e1n\u00ed let\u016f m\u016f\u017eete naj\u00edt nejlep\u0161\u00ed letenky z jak\u00e9hokoli m\u00edsta na sv\u011bt\u011b do va\u0161\u00ed destinace.<br \/>\nVyhled\u00e1vejte, porovn\u00e1vejte a filtrujte lety, leteck\u00e9 spole\u010dnosti, cestovn\u00ed kancel\u00e1\u0159e a online rezerva\u010dn\u00ed syst\u00e9my.<br \/>\nVy ur\u010d\u00edte m\u00edsto &#8211; my najdeme nejlevn\u011bj\u0161\u00ed ceny letenek!  <\/p>\n<p><script src=\"\/\/tp.media\/content?currency=eur&amp;promo_id=7879&amp;shmarker=14350&amp;campaign_id=100&amp;trs=147545&amp;combine_promos=101_7873&amp;show_hotels=true&amp;searchUrl=air.eurodirections.com%2Fflights&amp;border_radius=0&amp;plain=true&amp;primary=%23FF8E01&amp;secondary=%23FFFFFF&amp;dark=%23262626&amp;light=%23FFFFFF&amp;special=%23E0E0E0&amp;no_labels=&amp;locale=en&amp;powered_by=false\" charset=\"utf-8\"><\/script><\/p>\n<p><script type=\"application\/ld+json\">\n{\n    \"@context\": \"http:\/\/schema.org\",\n    \"@type\": \"WebPage\",\n    \"name\": \"Best cities of Europe\",\n    \"description\": \"Explore the best cities in Europe for traveling and journeys. Editor's picked list of 100 selected destinations in Europe with traveler bucket lists and most important things to do.\",\n    \"publisher\": {\n        \"@type\": \"WebPage\",\n        \"name\": \"Eurodirections.com\"\n    }\n}\n<\/script><\/p>\n","protected":false},"excerpt":{"rendered":"<p>Prozkoumejte nejlep\u0161\u00ed evropsk\u00e1 m\u011bsta vybran\u00e1 na\u0161imi redaktory pro \u00fa\u017easn\u00e9 z\u00e1\u017eitky z cestov\u00e1n\u00ed. N\u00e1\u0161 seznam nejlep\u0161\u00edch evropsk\u00fdch m\u011bst obsahuje 100 destinac\u00ed s kr\u00e1tk\u00fdm seznamem informac\u00ed a pr\u016fvodc\u016f pro cestovatele, informace o vyhled\u00e1v\u00e1n\u00ed vstupenek, n\u00e1vrhy hotel\u016f, v\u00fdb\u011br kav\u00e1ren a restaurac\u00ed a dal\u0161\u00ed informace. Pod\u00edvejte se na nejlep\u0161\u00ed m\u011bsta Evropy: Amsterdam, Nizozemsko Brno, \u010cesk\u00e1 republika Gyumri, Arm\u00e9nie Lyon, [&hellip;]<\/p>\n","protected":false},"author":1,"featured_media":6117,"parent":0,"menu_order":0,"comment_status":"closed","ping_status":"closed","template":"","meta":{"footnotes":""},"class_list":["post-19167","page","type-page","status-publish","has-post-thumbnail","hentry"],"_links":{"self":[{"href":"https:\/\/eurodirections.com\/cs\/wp-json\/wp\/v2\/pages\/19167","targetHints":{"allow":["GET"]}}],"collection":[{"href":"https:\/\/eurodirections.com\/cs\/wp-json\/wp\/v2\/pages"}],"about":[{"href":"https:\/\/eurodirections.com\/cs\/wp-json\/wp\/v2\/types\/page"}],"author":[{"embeddable":true,"href":"https:\/\/eurodirections.com\/cs\/wp-json\/wp\/v2\/users\/1"}],"replies":[{"embeddable":true,"href":"https:\/\/eurodirections.com\/cs\/wp-json\/wp\/v2\/comments?post=19167"}],"version-history":[{"count":0,"href":"https:\/\/eurodirections.com\/cs\/wp-json\/wp\/v2\/pages\/19167\/revisions"}],"wp:featuredmedia":[{"embeddable":true,"href":"https:\/\/eurodirections.com\/cs\/wp-json\/wp\/v2\/media\/6117"}],"wp:attachment":[{"href":"https:\/\/eurodirections.com\/cs\/wp-json\/wp\/v2\/media?parent=19167"}],"curies":[{"name":"wp","href":"https:\/\/api.w.org\/{rel}","templated":true}]}}