{"id":13475,"date":"2022-12-09T09:27:35","date_gmt":"2022-12-09T09:27:35","guid":{"rendered":"https:\/\/eurodirections.com\/hotely\/"},"modified":"2023-01-25T10:05:45","modified_gmt":"2023-01-25T10:05:45","slug":"hotely","status":"publish","type":"page","link":"https:\/\/eurodirections.com\/cs\/hotely\/","title":{"rendered":"Hotely"},"content":{"rendered":"\t\t<div data-elementor-type=\"wp-page\" data-elementor-id=\"13475\" class=\"elementor elementor-13475\">\n\t\t\t\t\t\t<section class=\"elementor-section elementor-top-section elementor-element elementor-element-d468925 elementor-section-boxed elementor-section-height-default elementor-section-height-default\" data-id=\"d468925\" data-element_type=\"section\" data-e-type=\"section\">\n\t\t\t\t\t\t<div class=\"elementor-container elementor-column-gap-default\">\n\t\t\t\t\t<div class=\"elementor-column elementor-col-100 elementor-top-column elementor-element elementor-element-319ad72\" data-id=\"319ad72\" data-element_type=\"column\" data-e-type=\"column\">\n\t\t\t<div class=\"elementor-widget-wrap elementor-element-populated\">\n\t\t\t\t\t\t<div class=\"elementor-element elementor-element-c6ffbb3 elementor-widget__width-inherit elementor-widget elementor-widget-text-editor\" data-id=\"c6ffbb3\" data-element_type=\"widget\" data-e-type=\"widget\" data-widget_type=\"text-editor.default\">\n\t\t\t\t<div class=\"elementor-widget-container\">\n\t\t\t\t\t\t\t\t\t<p>Hled\u00e1te pohodln\u00e9 hotely, hostely nebo apartm\u00e1ny? Porovnejte v\u0161echny ceny z internetu pomoc\u00ed na\u0161\u00ed slu\u017eby vyhled\u00e1v\u00e1n\u00ed hotel\u016f \u2013 napl\u00e1nujte si cestu a u\u0161et\u0159ete pen\u00edze za cestov\u00e1n\u00ed po Evrop\u011b. <\/p>\n\t\t\t\t\t\t\t\t<\/div>\n\t\t\t\t<\/div>\n\t\t\t\t\t<\/div>\n\t\t<\/div>\n\t\t\t\t\t<\/div>\n\t\t<\/section>\n\t\t\t\t<section class=\"elementor-section elementor-top-section elementor-element elementor-element-f900ca2 elementor-section-boxed elementor-section-height-default elementor-section-height-default\" data-id=\"f900ca2\" data-element_type=\"section\" data-e-type=\"section\">\n\t\t\t\t\t\t<div class=\"elementor-container elementor-column-gap-default\">\n\t\t\t\t\t<div class=\"elementor-column elementor-col-100 elementor-top-column elementor-element elementor-element-2434b85\" data-id=\"2434b85\" data-element_type=\"column\" data-e-type=\"column\">\n\t\t\t<div class=\"elementor-widget-wrap elementor-element-populated\">\n\t\t\t\t\t\t<div class=\"elementor-element elementor-element-713ba2b elementor-widget elementor-widget-html\" data-id=\"713ba2b\" data-element_type=\"widget\" data-e-type=\"widget\" data-widget_type=\"html.default\">\n\t\t\t\t<div class=\"elementor-widget-container\">\n\t\t\t\t\t<center>\n    \n    <script charset=\"utf-8\" src=\"\/\/www.travelpayouts.com\/widgets\/b0f062210a076eb373f5c08877774ae6.js?v=2203\" async=\"\"><\/script>\n\n<\/center>\t\t\t\t<\/div>\n\t\t\t\t<\/div>\n\t\t\t\t\t<\/div>\n\t\t<\/div>\n\t\t\t\t\t<\/div>\n\t\t<\/section>\n\t\t\t\t<section class=\"elementor-section elementor-top-section elementor-element elementor-element-f9ae27d elementor-section-boxed elementor-section-height-default elementor-section-height-default\" data-id=\"f9ae27d\" data-element_type=\"section\" data-e-type=\"section\">\n\t\t\t\t\t\t<div class=\"elementor-container elementor-column-gap-default\">\n\t\t\t\t\t<div class=\"elementor-column elementor-col-100 elementor-top-column elementor-element elementor-element-ac118d8\" data-id=\"ac118d8\" data-element_type=\"column\" data-e-type=\"column\">\n\t\t\t<div class=\"elementor-widget-wrap elementor-element-populated\">\n\t\t\t\t\t\t<div class=\"elementor-element elementor-element-a6ea89b elementor-widget elementor-widget-heading\" data-id=\"a6ea89b\" data-element_type=\"widget\" data-e-type=\"widget\" data-widget_type=\"heading.default\">\n\t\t\t\t<div class=\"elementor-widget-container\">\n\t\t\t\t\t<h2 class=\"elementor-heading-title elementor-size-default\">Nejlep\u0161\u00ed hotely v Barcelon\u011b<\/h2>\t\t\t\t<\/div>\n\t\t\t\t<\/div>\n\t\t\t\t\t<\/div>\n\t\t<\/div>\n\t\t\t\t\t<\/div>\n\t\t<\/section>\n\t\t\t\t<section class=\"elementor-section elementor-top-section elementor-element elementor-element-2685ed5 elementor-section-boxed elementor-section-height-default elementor-section-height-default\" data-id=\"2685ed5\" data-element_type=\"section\" data-e-type=\"section\">\n\t\t\t\t\t\t<div class=\"elementor-container elementor-column-gap-default\">\n\t\t\t\t\t<div class=\"elementor-column elementor-col-100 elementor-top-column elementor-element elementor-element-10de6c2\" data-id=\"10de6c2\" data-element_type=\"column\" data-e-type=\"column\">\n\t\t\t<div class=\"elementor-widget-wrap elementor-element-populated\">\n\t\t\t\t\t\t<div class=\"elementor-element elementor-element-f238096 elementor-widget elementor-widget-html\" data-id=\"f238096\" data-element_type=\"widget\" data-e-type=\"widget\" data-widget_type=\"html.default\">\n\t\t\t\t<div class=\"elementor-widget-container\">\n\t\t\t\t\t<script src=\"https:\/\/www.travelpayouts.com\/blissey\/scripts_en.js?currency=eur&categories=center%2Cpopularity%2Cprice&id=3196&type=compact&marker=14350&trs=147545&powered_by=false&host=air.eurodirections.com%2Fhotels&locale=en&limit=10&nobooking=\" charset=\"utf-8\"><\/script>\t\t\t\t<\/div>\n\t\t\t\t<\/div>\n\t\t\t\t\t<\/div>\n\t\t<\/div>\n\t\t\t\t\t<\/div>\n\t\t<\/section>\n\t\t\t\t<section class=\"elementor-section elementor-top-section elementor-element elementor-element-825c3bf elementor-section-boxed elementor-section-height-default elementor-section-height-default\" data-id=\"825c3bf\" data-element_type=\"section\" data-e-type=\"section\">\n\t\t\t\t\t\t<div class=\"elementor-container elementor-column-gap-default\">\n\t\t\t\t\t<div class=\"elementor-column elementor-col-100 elementor-top-column elementor-element elementor-element-ff09586\" data-id=\"ff09586\" data-element_type=\"column\" data-e-type=\"column\">\n\t\t\t<div class=\"elementor-widget-wrap elementor-element-populated\">\n\t\t\t\t\t\t<div class=\"elementor-element elementor-element-515a136 elementor-widget elementor-widget-text-editor\" data-id=\"515a136\" data-element_type=\"widget\" data-e-type=\"widget\" data-widget_type=\"text-editor.default\">\n\t\t\t\t<div class=\"elementor-widget-container\">\n\t\t\t\t\t\t\t\t\t<h3>Jak naj\u00edt levn\u00e9 hotely online?<\/h3>\n<p>Existuje n\u011bkolik zp\u016fsob\u016f, jak naj\u00edt levn\u00e9 hotely online, jedn\u00edm z nich je pou\u017eit\u00ed webu pro srovn\u00e1n\u00ed hotel\u016f, jako je Euro Directions, kter\u00fd prohled\u00e1v\u00e1 v\u00edce rezerva\u010dn\u00edch platforem a porovn\u00e1v\u00e1 ceny, aby na\u0161el nejlep\u0161\u00ed nab\u00eddky.<\/p>\n<ol>\n<li>P\u0159ejd\u011bte na webovou str\u00e1nku s porovn\u00e1n\u00edm hotel\u016f, jako je Euro Directions, a zadejte svou destinaci nebo specifikujte hotel, ve kter\u00e9m se chcete ubytovat.<\/li>\n<li>Stisknut\u00edm tla\u010d\u00edtka vyhled\u00e1v\u00e1n\u00ed zobraz\u00edte seznam dostupn\u00fdch hotel\u016f, hostel\u016f a penzion\u016f v dan\u00e9 oblasti.<\/li>\n<li>Porovnejte ceny a hodnocen\u00ed hotel\u016f, abyste na\u0161li nejlep\u0161\u00ed nab\u00eddky a nejvhodn\u011bj\u0161\u00ed ubytov\u00e1n\u00ed pro va\u0161e pot\u0159eby.<\/li>\n<li>Zkontrolujte, zda jsou k dispozici n\u011bjak\u00e9 akce nebo slevy<\/li>\n<li>P\u0159ed proveden\u00edm rezervace si p\u0159e\u010dt\u011bte recenze ostatn\u00edch cestuj\u00edc\u00edch.<\/li>\n<li>Jakmile najdete vhodn\u00fd hotel, pokra\u010dujte v rezervaci v rezerva\u010dn\u00edm syst\u00e9mu, kter\u00fd poskytl nejlep\u0161\u00ed cenu a ubytov\u00e1n\u00ed.<\/li>\n<\/ol>\n<p>Proch\u00e1zejte nejobl\u00edben\u011bj\u0161\u00ed destinace, kde u\u017eivatel\u00e9 hledaj\u00ed levn\u00e9 hotely na Euro Directions:<\/p>\n<ul>\n<li><a href=\"https:\/\/eurodirections.com\/popular-hotels-in-toulouse\/\" target=\"_blank\" rel=\"noopener\">Toulouse obl\u00edben\u00e9 hotely<\/a><\/li>\n<li><a href=\"https:\/\/eurodirections.com\/larnaca-cheap-hotels-guide\/\" target=\"_blank\" rel=\"noopener\">Larnaka hotely pr\u016fvodce a mapa<\/a><\/li>\n<li><a href=\"https:\/\/eurodirections.com\/10-cheap-popular-hotels-in-malta-with-high-ratings\/\" target=\"_blank\" rel=\"noopener\">Malta obl\u00edben\u00e9 hotely<\/a><\/li>\n<li><a href=\"https:\/\/eurodirections.com\/hotels-in-tallinn\/\" target=\"_blank\" rel=\"noopener\">Prozkoumat hotely v Tallinn, Estonsko<\/a><\/li>\n<li><a href=\"https:\/\/eurodirections.com\/hotels-in-kavala\/\" target=\"_blank\" rel=\"noopener\">Hled\u00e1te hotely v Kavala, \u0158ecko?<\/a><\/li>\n<li><a href=\"https:\/\/eurodirections.com\/popular-hotels-in-valencia\/\" target=\"_blank\" rel=\"noopener\">Obl\u00edben\u00e9 hotely v Valencia<\/a><\/li>\n<li><a href=\"https:\/\/eurodirections.com\/popular-hotels-in-tbilisi\/\" target=\"_blank\" rel=\"noopener\">Levn\u00e9 a obl\u00edben\u00e9 hotely v Tbilisi, Georgia<\/a><\/li>\n<\/ul>\n<p>\u2014<\/p>\n<p><span style=\"color: #666699;\"><strong>Upozorn\u011bn\u00ed:<\/strong> Platforma pl\u00e1nova\u010de v\u00fdlet\u016f Euro Directions je propojena s hotelov\u00fdm vyhled\u00e1vac\u00edm syst\u00e9mem hotellook a poskytuje stejn\u00e9 slu\u017eby jako hlavn\u00ed vyhled\u00e1va\u010d. My sami neposkytujeme online rezerva\u010dn\u00ed slu\u017eby a nezastupujeme \u017e\u00e1dn\u00fd hotel! Dal\u0161\u00ed informace naleznete v na\u0161ich podm\u00ednk\u00e1ch.  <\/span><\/p>\n<p><span style=\"color: #999999;\"><strong>Informace o doporu\u010den\u00ed:<\/strong> Informace obsahuj\u00ed affiliate odkazy, co\u017e znamen\u00e1, \u017ee v p\u0159\u00edpad\u011b, \u017ee u\u017eivatel\u00e9 kliknou na hotelov\u00e9 odkazy a provedou rezervaci, na\u0161e webov\u00e9 str\u00e1nky z\u00edsk\u00e1vaj\u00ed provizi.<\/span><\/p>\n\t\t\t\t\t\t\t\t<\/div>\n\t\t\t\t<\/div>\n\t\t\t\t\t<\/div>\n\t\t<\/div>\n\t\t\t\t\t<\/div>\n\t\t<\/section>\n\t\t\t\t<\/div>\n\t\t","protected":false},"excerpt":{"rendered":"<p>Hled\u00e1te pohodln\u00e9 hotely, hostely nebo apartm\u00e1ny? Porovnejte v\u0161echny ceny z internetu pomoc\u00ed na\u0161\u00ed slu\u017eby vyhled\u00e1v\u00e1n\u00ed hotel\u016f \u2013 napl\u00e1nujte si cestu a u\u0161et\u0159ete pen\u00edze za cestov\u00e1n\u00ed po Evrop\u011b. Nejlep\u0161\u00ed hotely v Barcelon\u011b Jak naj\u00edt levn\u00e9 hotely online? Existuje n\u011bkolik zp\u016fsob\u016f, jak naj\u00edt levn\u00e9 hotely online, jedn\u00edm z nich je pou\u017eit\u00ed webu pro srovn\u00e1n\u00ed hotel\u016f, jako je [&hellip;]<\/p>\n","protected":false},"author":1,"featured_media":0,"parent":0,"menu_order":0,"comment_status":"closed","ping_status":"closed","template":"","meta":{"footnotes":""},"class_list":["post-13475","page","type-page","status-publish","hentry"],"_links":{"self":[{"href":"https:\/\/eurodirections.com\/cs\/wp-json\/wp\/v2\/pages\/13475","targetHints":{"allow":["GET"]}}],"collection":[{"href":"https:\/\/eurodirections.com\/cs\/wp-json\/wp\/v2\/pages"}],"about":[{"href":"https:\/\/eurodirections.com\/cs\/wp-json\/wp\/v2\/types\/page"}],"author":[{"embeddable":true,"href":"https:\/\/eurodirections.com\/cs\/wp-json\/wp\/v2\/users\/1"}],"replies":[{"embeddable":true,"href":"https:\/\/eurodirections.com\/cs\/wp-json\/wp\/v2\/comments?post=13475"}],"version-history":[{"count":0,"href":"https:\/\/eurodirections.com\/cs\/wp-json\/wp\/v2\/pages\/13475\/revisions"}],"wp:attachment":[{"href":"https:\/\/eurodirections.com\/cs\/wp-json\/wp\/v2\/media?parent=13475"}],"curies":[{"name":"wp","href":"https:\/\/api.w.org\/{rel}","templated":true}]}}